{"id":1432,"date":"2023-03-09T07:04:08","date_gmt":"2023-03-09T07:04:08","guid":{"rendered":"https:\/\/vasquezcaicedo.com\/?page_id=1432"},"modified":"2025-01-31T19:52:10","modified_gmt":"2025-01-31T19:52:10","slug":"contacto","status":"publish","type":"page","link":"https:\/\/vasquezcaicedo.com\/en\/contacto\/","title":{"rendered":"contacto"},"content":{"rendered":"<div data-elementor-type=\"wp-page\" data-elementor-id=\"1432\" class=\"elementor elementor-1432\" data-elementor-post-type=\"page\">\n\t\t\t\t\t\t<section class=\"elementor-section elementor-top-section elementor-element elementor-element-113e98d7 elementor-section-height-min-height elementor-section-boxed elementor-section-height-default elementor-section-items-middle\" data-id=\"113e98d7\" data-element_type=\"section\" id=\"subir\" data-settings=\"{&quot;background_background&quot;:&quot;classic&quot;}\">\n\t\t\t\t\t\t\t<div class=\"elementor-background-overlay\"><\/div>\n\t\t\t\t\t\t\t<div class=\"elementor-container elementor-column-gap-no\">\n\t\t\t\t\t<div class=\"elementor-column elementor-col-100 elementor-top-column elementor-element elementor-element-50779b8f\" data-id=\"50779b8f\" data-element_type=\"column\" data-settings=\"{&quot;background_background&quot;:&quot;classic&quot;}\">\n\t\t\t<div class=\"elementor-widget-wrap elementor-element-populated\">\n\t\t\t\t\t\t<div class=\"elementor-element elementor-element-594c3b88 elementor-invisible elementor-widget elementor-widget-heading\" data-id=\"594c3b88\" data-element_type=\"widget\" data-settings=\"{&quot;_animation&quot;:&quot;fadeInDown&quot;}\" data-widget_type=\"heading.default\">\n\t\t\t\t<div class=\"elementor-widget-container\">\n\t\t\t\t\t<h1 class=\"elementor-heading-title elementor-size-default\">CONTACT<\/h1>\t\t\t\t<\/div>\n\t\t\t\t<\/div>\n\t\t\t\t\t<\/div>\n\t\t<\/div>\n\t\t\t\t\t<\/div>\n\t\t<\/section>\n\t\t\t\t<section class=\"elementor-section elementor-top-section elementor-element elementor-element-5fc28dd9 elementor-section-boxed elementor-section-height-default elementor-section-height-default\" data-id=\"5fc28dd9\" data-element_type=\"section\">\n\t\t\t\t\t\t<div class=\"elementor-container elementor-column-gap-default\">\n\t\t\t\t\t<div class=\"elementor-column elementor-col-50 elementor-top-column elementor-element elementor-element-1ee269ab\" data-id=\"1ee269ab\" data-element_type=\"column\">\n\t\t\t<div class=\"elementor-widget-wrap elementor-element-populated\">\n\t\t\t\t\t\t<div class=\"elementor-element elementor-element-643cfb9a elementor-widget elementor-widget-elementskit-heading\" data-id=\"643cfb9a\" data-element_type=\"widget\" data-widget_type=\"elementskit-heading.default\">\n\t\t\t\t<div class=\"elementor-widget-container\">\n\t\t\t\t\t<div class=\"ekit-wid-con\" ><div class=\"ekit-heading elementskit-section-title-wraper text_left   ekit_heading_tablet-   ekit_heading_mobile-\"><div class=\"elementskit-section-subtitle  elementskit-style-border\">\n\t\t\t\t\t\tCONTACT\n\t\t\t\t\t<\/div><h2 class=\"ekit-heading--title elementskit-section-title\">Contact information<\/h2><\/div><\/div>\t\t\t\t<\/div>\n\t\t\t\t<\/div>\n\t\t\t\t<div class=\"elementor-element elementor-element-7b998dfd elementor-widget elementor-widget-text-editor\" data-id=\"7b998dfd\" data-element_type=\"widget\" data-widget_type=\"text-editor.default\">\n\t\t\t\t<div class=\"elementor-widget-container\">\n\t\t\t\t\t\t\t\t\t<p>If you have any additional questions, do not hesitate to contact us, we will be happy to assist you.<\/p>\t\t\t\t\t\t\t\t<\/div>\n\t\t\t\t<\/div>\n\t\t\t\t<div class=\"elementor-element elementor-element-9cd424a elementor-widget elementor-widget-elementskit-heading\" data-id=\"9cd424a\" data-element_type=\"widget\" data-widget_type=\"elementskit-heading.default\">\n\t\t\t\t<div class=\"elementor-widget-container\">\n\t\t\t\t\t<div class=\"ekit-wid-con\" ><div class=\"ekit-heading elementskit-section-title-wraper text_left   ekit_heading_tablet-   ekit_heading_mobile-\"><div class=\"elementskit-section-subtitle  elementskit-style-border\">\n\t\t\t\t\t\tAddress:\n\t\t\t\t\t<\/div><div class=\"ekit-heading--title elementskit-section-title\">JR. Alejandro O. Deustrua 623 oficina 401 el Tambo - Huancayo<\/div><\/div><\/div>\t\t\t\t<\/div>\n\t\t\t\t<\/div>\n\t\t\t\t<div class=\"elementor-element elementor-element-cc684be elementor-widget elementor-widget-elementskit-heading\" data-id=\"cc684be\" data-element_type=\"widget\" data-widget_type=\"elementskit-heading.default\">\n\t\t\t\t<div class=\"elementor-widget-container\">\n\t\t\t\t\t<div class=\"ekit-wid-con\" ><div class=\"ekit-heading elementskit-section-title-wraper text_left   ekit_heading_tablet-   ekit_heading_mobile-\"><div class=\"elementskit-section-subtitle  elementskit-style-border\">\n\t\t\t\t\t\tTelephone exchange\n\t\t\t\t\t<\/div><div class=\"ekit-heading--title elementskit-section-title\">+51 951 116 577<\/div><\/div><\/div>\t\t\t\t<\/div>\n\t\t\t\t<\/div>\n\t\t\t\t<div class=\"elementor-element elementor-element-3e352ad5 elementor-widget elementor-widget-elementskit-heading\" data-id=\"3e352ad5\" data-element_type=\"widget\" data-widget_type=\"elementskit-heading.default\">\n\t\t\t\t<div class=\"elementor-widget-container\">\n\t\t\t\t\t<div class=\"ekit-wid-con\" ><div class=\"ekit-heading elementskit-section-title-wraper text_left   ekit_heading_tablet-   ekit_heading_mobile-\"><div class=\"elementskit-section-subtitle  elementskit-style-border\">\n\t\t\t\t\t\tE-Mail\n\t\t\t\t\t<\/div><div class=\"ekit-heading--title elementskit-section-title\">gerencia@vasquezcaicedo.com<\/div><\/div><\/div>\t\t\t\t<\/div>\n\t\t\t\t<\/div>\n\t\t\t\t<div class=\"elementor-element elementor-element-3bfb64af elementor-widget elementor-widget-elementskit-heading\" data-id=\"3bfb64af\" data-element_type=\"widget\" data-widget_type=\"elementskit-heading.default\">\n\t\t\t\t<div class=\"elementor-widget-container\">\n\t\t\t\t\t<div class=\"ekit-wid-con\" ><div class=\"ekit-heading elementskit-section-title-wraper text_left   ekit_heading_tablet-   ekit_heading_mobile-\"><div class=\"elementskit-section-subtitle  elementskit-style-border\">\n\t\t\t\t\t\tSocial\n\t\t\t\t\t<\/div><\/div><\/div>\t\t\t\t<\/div>\n\t\t\t\t<\/div>\n\t\t\t\t<div class=\"elementor-element elementor-element-1eb37e54 elementor-shape-circle elementor-grid-4 e-grid-align-left elementor-widget elementor-widget-social-icons\" data-id=\"1eb37e54\" data-element_type=\"widget\" data-widget_type=\"social-icons.default\">\n\t\t\t\t<div class=\"elementor-widget-container\">\n\t\t\t\t\t\t\t<div class=\"elementor-social-icons-wrapper elementor-grid\" role=\"list\">\n\t\t\t\t\t\t\t<span class=\"elementor-grid-item\" role=\"listitem\">\n\t\t\t\t\t<a class=\"elementor-icon elementor-social-icon elementor-social-icon-twitter elementor-repeater-item-4310fa4\" target=\"_blank\">\n\t\t\t\t\t\t<span class=\"elementor-screen-only\">Twitter<\/span>\n\t\t\t\t\t\t<i class=\"fab fa-twitter\"><\/i>\t\t\t\t\t<\/a>\n\t\t\t\t<\/span>\n\t\t\t\t\t\t\t<span class=\"elementor-grid-item\" role=\"listitem\">\n\t\t\t\t\t<a class=\"elementor-icon elementor-social-icon elementor-social-icon-instagram elementor-repeater-item-334bd77\" target=\"_blank\">\n\t\t\t\t\t\t<span class=\"elementor-screen-only\">Instagram<\/span>\n\t\t\t\t\t\t<i class=\"fab fa-instagram\"><\/i>\t\t\t\t\t<\/a>\n\t\t\t\t<\/span>\n\t\t\t\t\t\t\t<span class=\"elementor-grid-item\" role=\"listitem\">\n\t\t\t\t\t<a class=\"elementor-icon elementor-social-icon elementor-social-icon-facebook elementor-repeater-item-82c8cdd\" target=\"_blank\">\n\t\t\t\t\t\t<span class=\"elementor-screen-only\">Facebook<\/span>\n\t\t\t\t\t\t<i class=\"fab fa-facebook\"><\/i>\t\t\t\t\t<\/a>\n\t\t\t\t<\/span>\n\t\t\t\t\t\t\t<span class=\"elementor-grid-item\" role=\"listitem\">\n\t\t\t\t\t<a class=\"elementor-icon elementor-social-icon elementor-social-icon-youtube elementor-repeater-item-45df050\" target=\"_blank\">\n\t\t\t\t\t\t<span class=\"elementor-screen-only\">Youtube<\/span>\n\t\t\t\t\t\t<i class=\"fab fa-youtube\"><\/i>\t\t\t\t\t<\/a>\n\t\t\t\t<\/span>\n\t\t\t\t\t<\/div>\n\t\t\t\t\t\t<\/div>\n\t\t\t\t<\/div>\n\t\t\t\t\t<\/div>\n\t\t<\/div>\n\t\t\t\t<div class=\"elementor-column elementor-col-50 elementor-top-column elementor-element elementor-element-6026520b\" data-id=\"6026520b\" data-element_type=\"column\">\n\t\t\t<div class=\"elementor-widget-wrap elementor-element-populated\">\n\t\t\t\t\t<div class=\"elementor-background-overlay\"><\/div>\n\t\t\t\t\t\t<div class=\"elementor-element elementor-element-5d045c55 elementor-button-align-start elementor-mobile-button-align-stretch elementor-widget elementor-widget-form\" data-id=\"5d045c55\" data-element_type=\"widget\" data-settings=\"{&quot;step_next_label&quot;:&quot;Next&quot;,&quot;step_previous_label&quot;:&quot;Previous&quot;,&quot;button_width&quot;:&quot;100&quot;,&quot;step_type&quot;:&quot;number_text&quot;,&quot;step_icon_shape&quot;:&quot;circle&quot;}\" data-widget_type=\"form.default\">\n\t\t\t\t<div class=\"elementor-widget-container\">\n\t\t\t\t\t\t\t<form class=\"elementor-form\" method=\"post\" name=\"New Form\" action=\"\">\n\t\t\t<input type=\"hidden\" name=\"post_id\" value=\"1432\"\/>\n\t\t\t<input type=\"hidden\" name=\"form_id\" value=\"5d045c55\"\/>\n\t\t\t<input type=\"hidden\" name=\"referer_title\" value=\"Estudio V\u00e1squez Caicedo Abogados\" \/>\n\n\t\t\t\n\t\t\t<div class=\"elementor-form-fields-wrapper elementor-labels-above\">\n\t\t\t\t\t\t\t\t<div class=\"elementor-field-type-text elementor-field-group elementor-column elementor-field-group-name elementor-col-50\">\n\t\t\t\t\t\t\t\t\t\t\t\t<label for=\"form-field-name\" class=\"elementor-field-label\">\n\t\t\t\t\t\t\t\tNAME AND SURNAME\t\t\t\t\t\t\t<\/label>\n\t\t\t\t\t\t\t\t\t\t\t\t\t\t<input size=\"1\" type=\"text\" name=\"form_fields[name]\" id=\"form-field-name\" class=\"elementor-field elementor-size-sm  elementor-field-textual\" placeholder=\"Enter your Full Name\">\n\t\t\t\t\t\t\t\t\t\t\t<\/div>\n\t\t\t\t\t\t\t\t<div class=\"elementor-field-type-email elementor-field-group elementor-column elementor-field-group-email elementor-col-50 elementor-field-required\">\n\t\t\t\t\t\t\t\t\t\t\t\t<label for=\"form-field-email\" class=\"elementor-field-label\">\n\t\t\t\t\t\t\t\t E-Mail\t\t\t\t\t\t\t<\/label>\n\t\t\t\t\t\t\t\t\t\t\t\t\t\t<input size=\"1\" type=\"email\" name=\"form_fields[email]\" id=\"form-field-email\" class=\"elementor-field elementor-size-sm  elementor-field-textual\" placeholder=\"Enter your email\" required=\"required\" aria-required=\"true\">\n\t\t\t\t\t\t\t\t\t\t\t<\/div>\n\t\t\t\t\t\t\t\t<div class=\"elementor-field-type-text elementor-field-group elementor-column elementor-field-group-field_d50468b elementor-col-50 elementor-field-required\">\n\t\t\t\t\t\t\t\t\t\t\t\t<label for=\"form-field-field_d50468b\" class=\"elementor-field-label\">\n\t\t\t\t\t\t\t\tCountry\t\t\t\t\t\t\t<\/label>\n\t\t\t\t\t\t\t\t\t\t\t\t\t\t<input size=\"1\" type=\"text\" name=\"form_fields[field_d50468b]\" id=\"form-field-field_d50468b\" class=\"elementor-field elementor-size-sm  elementor-field-textual\" placeholder=\"Enter the country where you reside \" required=\"required\" aria-required=\"true\">\n\t\t\t\t\t\t\t\t\t\t\t<\/div>\n\t\t\t\t\t\t\t\t<div class=\"elementor-field-type-textarea elementor-field-group elementor-column elementor-field-group-message elementor-col-100\">\n\t\t\t\t\t\t\t\t\t\t\t\t<label for=\"form-field-message\" class=\"elementor-field-label\">\n\t\t\t\t\t\t\t\tCONSULTATION\t\t\t\t\t\t\t<\/label>\n\t\t\t\t\t\t<textarea class=\"elementor-field-textual elementor-field  elementor-size-sm\" name=\"form_fields[message]\" id=\"form-field-message\" rows=\"4\" placeholder=\"Write your message\"><\/textarea>\t\t\t\t<\/div>\n\t\t\t\t\t\t\t\t<div class=\"elementor-field-type-acceptance elementor-field-group elementor-column elementor-field-group-field_40cb8e3 elementor-col-100 elementor-field-required\">\n\t\t\t\t\t\t\t<div class=\"elementor-field-subgroup\">\n\t\t\t<span class=\"elementor-field-option\">\n\t\t\t\t<input type=\"checkbox\" name=\"form_fields[field_40cb8e3]\" id=\"form-field-field_40cb8e3\" class=\"elementor-field elementor-size-sm  elementor-acceptance-field\" required=\"required\" aria-required=\"true\">\n\t\t\t\t<label for=\"form-field-field_40cb8e3\">Acepta Nuestra Pol\u00edtica de Privacidad<\/label>\t\t\t<\/span>\n\t\t<\/div>\n\t\t\t\t\t\t<\/div>\n\t\t\t\t\t\t\t\t<div class=\"elementor-field-group elementor-column elementor-field-type-submit elementor-col-100 e-form__buttons\">\n\t\t\t\t\t<button type=\"submit\" class=\"elementor-button elementor-size-sm\">\n\t\t\t\t\t\t<span >\n\t\t\t\t\t\t\t\t\t\t\t\t\t\t\t<span class=\"elementor-button-icon\">\n\t\t\t\t\t\t\t\t\t\t\t\t\t\t\t\t\t\t\t\t\t\t\t\t\t\t<\/span>\n\t\t\t\t\t\t\t\t\t\t\t\t\t\t\t\t\t\t\t\t\t\t<span class=\"elementor-button-text\">SEND YOUR INQUIRY<\/span>\n\t\t\t\t\t\t\t\t\t\t\t\t\t<\/span>\n\t\t\t\t\t<\/button>\n\t\t\t\t<\/div>\n\t\t\t<\/div>\n\t\t<input type=\"hidden\" name=\"trp-form-language\" value=\"en\"\/><\/form>\n\t\t\t\t\t\t<\/div>\n\t\t\t\t<\/div>\n\t\t\t\t\t<\/div>\n\t\t<\/div>\n\t\t\t\t\t<\/div>\n\t\t<\/section>\n\t\t\t\t<section class=\"elementor-section elementor-top-section elementor-element elementor-element-1a952b19 elementor-section-boxed elementor-section-height-default elementor-section-height-default elementor-invisible\" data-id=\"1a952b19\" data-element_type=\"section\" data-settings=\"{&quot;animation&quot;:&quot;fadeInUp&quot;}\">\n\t\t\t\t\t\t<div class=\"elementor-container elementor-column-gap-default\">\n\t\t\t\t\t<div class=\"elementor-column elementor-col-100 elementor-top-column elementor-element elementor-element-50dc918a\" data-id=\"50dc918a\" data-element_type=\"column\">\n\t\t\t<div class=\"elementor-widget-wrap elementor-element-populated\">\n\t\t\t\t\t\t<div class=\"elementor-element elementor-element-83c8cfe elementor-widget elementor-widget-elementskit-heading\" data-id=\"83c8cfe\" data-element_type=\"widget\" data-widget_type=\"elementskit-heading.default\">\n\t\t\t\t<div class=\"elementor-widget-container\">\n\t\t\t\t\t<div class=\"ekit-wid-con\" ><div class=\"ekit-heading elementskit-section-title-wraper text_center   ekit_heading_tablet-   ekit_heading_mobile-\"><div class=\"elementskit-section-subtitle  elementskit-style-border\">\n\t\t\t\t\t\tVirtual Consultation\n\t\t\t\t\t<\/div><h2 class=\"ekit-heading--title elementskit-section-title\">Virtual Consultation<\/h2><\/div><\/div>\t\t\t\t<\/div>\n\t\t\t\t<\/div>\n\t\t\t\t<div class=\"elementor-element elementor-element-22844a7c elementor-widget elementor-widget-image\" data-id=\"22844a7c\" data-element_type=\"widget\" data-widget_type=\"image.default\">\n\t\t\t\t<div class=\"elementor-widget-container\">\n\t\t\t\t\t\t\t\t\t\t\t\t\t\t\t<img fetchpriority=\"high\" decoding=\"async\" width=\"800\" height=\"573\" src=\"https:\/\/vasquezcaicedo.com\/wp-content\/uploads\/2023\/03\/image20.webp\" class=\"elementor-animation-float attachment-large size-large wp-image-1111\" alt=\"\" srcset=\"https:\/\/vasquezcaicedo.com\/wp-content\/uploads\/2023\/03\/image20.webp 1024w, https:\/\/vasquezcaicedo.com\/wp-content\/uploads\/2023\/03\/image20-300x215.webp 300w, https:\/\/vasquezcaicedo.com\/wp-content\/uploads\/2023\/03\/image20-768x551.webp 768w\" sizes=\"(max-width: 800px) 100vw, 800px\" \/>\t\t\t\t\t\t\t\t\t\t\t\t\t\t\t<\/div>\n\t\t\t\t<\/div>\n\t\t\t\t<div class=\"elementor-element elementor-element-3b84305b elementor-align-center elementor-widget elementor-widget-button\" data-id=\"3b84305b\" data-element_type=\"widget\" id=\"boton2\" data-widget_type=\"button.default\">\n\t\t\t\t<div class=\"elementor-widget-container\">\n\t\t\t\t\t\t\t\t\t<div class=\"elementor-button-wrapper\">\n\t\t\t\t\t<a class=\"elementor-button elementor-button-link elementor-size-sm\" href=\"https:\/\/walink.co\/158e21\" target=\"_blank\">\n\t\t\t\t\t\t<span class=\"elementor-button-content-wrapper\">\n\t\t\t\t\t\t\t\t\t<span class=\"elementor-button-text\">REQUEST CONSULTATION<\/span>\n\t\t\t\t\t<\/span>\n\t\t\t\t\t<\/a>\n\t\t\t\t<\/div>\n\t\t\t\t\t\t\t\t<\/div>\n\t\t\t\t<\/div>\n\t\t\t\t\t<\/div>\n\t\t<\/div>\n\t\t\t\t\t<\/div>\n\t\t<\/section>\n\t\t\t\t<\/div>","protected":false},"excerpt":{"rendered":"<p>CONTACTO CONTACTO Informaci\u00f3n de Contacto Si tiene alguna consulta adicional, no dude en ponerse en contacto con nosotros, estaremos encantados de poder atenderte. Direcci\u00f3n: JR. Alejandro O. Deustrua 623 oficina 401 el Tambo &#8211; Huancayo Central Telef\u00f3nica +51 951 116 577 E-Mail gerencia@vasquezcaicedo.com Redes Sociales Twitter Instagram Facebook Youtube Consulta Virtual Consulta Virtual SOLICITAR CONSULTA<\/p>","protected":false},"author":1,"featured_media":0,"parent":0,"menu_order":0,"comment_status":"closed","ping_status":"closed","template":"","meta":{"_joinchat":[],"footnotes":""},"class_list":["post-1432","page","type-page","status-publish","hentry"],"yoast_head":"<!-- This site is optimized with the Yoast SEO plugin v26.9 - https:\/\/yoast.com\/product\/yoast-seo-wordpress\/ -->\n<title>contacto - Estudio V\u00e1squez Caicedo Abogados<\/title>\n<meta name=\"robots\" content=\"index, follow, max-snippet:-1, max-image-preview:large, max-video-preview:-1\" \/>\n<link rel=\"canonical\" href=\"https:\/\/vasquezcaicedo.com\/en\/contacto\/\" \/>\n<meta property=\"og:locale\" content=\"en_US\" \/>\n<meta property=\"og:type\" content=\"article\" \/>\n<meta property=\"og:title\" content=\"contacto - Estudio V\u00e1squez Caicedo Abogados\" \/>\n<meta property=\"og:description\" content=\"CONTACTO CONTACTO Informaci\u00f3n de Contacto Si tiene alguna consulta adicional, no dude en ponerse en contacto con nosotros, estaremos encantados de poder atenderte. Direcci\u00f3n: JR. Alejandro O. Deustrua 623 oficina 401 el Tambo &#8211; Huancayo Central Telef\u00f3nica +51 951 116 577 E-Mail gerencia@vasquezcaicedo.com Redes Sociales Twitter Instagram Facebook Youtube Consulta Virtual Consulta Virtual SOLICITAR CONSULTA\" \/>\n<meta property=\"og:url\" content=\"https:\/\/vasquezcaicedo.com\/en\/contacto\/\" \/>\n<meta property=\"og:site_name\" content=\"Estudio V\u00e1squez Caicedo Abogados\" \/>\n<meta property=\"article:modified_time\" content=\"2025-01-31T19:52:10+00:00\" \/>\n<meta property=\"og:image\" content=\"https:\/\/vasquezcaicedo.com\/wp-content\/uploads\/2023\/03\/image20.webp\" \/>\n<meta name=\"twitter:card\" content=\"summary_large_image\" \/>\n<meta name=\"twitter:label1\" content=\"Est. reading time\" \/>\n\t<meta name=\"twitter:data1\" content=\"1 minute\" \/>\n<script type=\"application\/ld+json\" class=\"yoast-schema-graph\">{\"@context\":\"https:\/\/schema.org\",\"@graph\":[{\"@type\":\"WebPage\",\"@id\":\"https:\/\/vasquezcaicedo.com\/contacto\/\",\"url\":\"https:\/\/vasquezcaicedo.com\/contacto\/\",\"name\":\"contacto - Estudio V\u00e1squez Caicedo Abogados\",\"isPartOf\":{\"@id\":\"https:\/\/vasquezcaicedo.com\/#website\"},\"primaryImageOfPage\":{\"@id\":\"https:\/\/vasquezcaicedo.com\/contacto\/#primaryimage\"},\"image\":{\"@id\":\"https:\/\/vasquezcaicedo.com\/contacto\/#primaryimage\"},\"thumbnailUrl\":\"https:\/\/vasquezcaicedo.com\/wp-content\/uploads\/2023\/03\/image20.webp\",\"datePublished\":\"2023-03-09T07:04:08+00:00\",\"dateModified\":\"2025-01-31T19:52:10+00:00\",\"breadcrumb\":{\"@id\":\"https:\/\/vasquezcaicedo.com\/contacto\/#breadcrumb\"},\"inLanguage\":\"en-US\",\"potentialAction\":[{\"@type\":\"ReadAction\",\"target\":[\"https:\/\/vasquezcaicedo.com\/contacto\/\"]}]},{\"@type\":\"ImageObject\",\"inLanguage\":\"en-US\",\"@id\":\"https:\/\/vasquezcaicedo.com\/contacto\/#primaryimage\",\"url\":\"https:\/\/vasquezcaicedo.com\/wp-content\/uploads\/2023\/03\/image20.webp\",\"contentUrl\":\"https:\/\/vasquezcaicedo.com\/wp-content\/uploads\/2023\/03\/image20.webp\"},{\"@type\":\"BreadcrumbList\",\"@id\":\"https:\/\/vasquezcaicedo.com\/contacto\/#breadcrumb\",\"itemListElement\":[{\"@type\":\"ListItem\",\"position\":1,\"name\":\"Portada\",\"item\":\"https:\/\/vasquezcaicedo.com\/\"},{\"@type\":\"ListItem\",\"position\":2,\"name\":\"contacto\"}]},{\"@type\":\"WebSite\",\"@id\":\"https:\/\/vasquezcaicedo.com\/#website\",\"url\":\"https:\/\/vasquezcaicedo.com\/\",\"name\":\"Estudio V\u00e1squez Caicedo Abogados\",\"description\":\"Abogado. Jimmy D\u00edas V\u00e1squez Caicedo\",\"publisher\":{\"@id\":\"https:\/\/vasquezcaicedo.com\/#organization\"},\"potentialAction\":[{\"@type\":\"SearchAction\",\"target\":{\"@type\":\"EntryPoint\",\"urlTemplate\":\"https:\/\/vasquezcaicedo.com\/?s={search_term_string}\"},\"query-input\":{\"@type\":\"PropertyValueSpecification\",\"valueRequired\":true,\"valueName\":\"search_term_string\"}}],\"inLanguage\":\"en-US\"},{\"@type\":\"Organization\",\"@id\":\"https:\/\/vasquezcaicedo.com\/#organization\",\"name\":\"Estudio V\u00e1squez Caicedo Abogados\",\"url\":\"https:\/\/vasquezcaicedo.com\/\",\"logo\":{\"@type\":\"ImageObject\",\"inLanguage\":\"en-US\",\"@id\":\"https:\/\/vasquezcaicedo.com\/#\/schema\/logo\/image\/\",\"url\":\"https:\/\/vasquezcaicedo.com\/wp-content\/uploads\/2023\/03\/home_.png\",\"contentUrl\":\"https:\/\/vasquezcaicedo.com\/wp-content\/uploads\/2023\/03\/home_.png\",\"width\":132,\"height\":38,\"caption\":\"Estudio V\u00e1squez Caicedo Abogados\"},\"image\":{\"@id\":\"https:\/\/vasquezcaicedo.com\/#\/schema\/logo\/image\/\"}}]}<\/script>\n<!-- \/ Yoast SEO plugin. -->","yoast_head_json":{"title":"contacto - Estudio V\u00e1squez Caicedo Abogados","robots":{"index":"index","follow":"follow","max-snippet":"max-snippet:-1","max-image-preview":"max-image-preview:large","max-video-preview":"max-video-preview:-1"},"canonical":"https:\/\/vasquezcaicedo.com\/en\/contacto\/","og_locale":"en_US","og_type":"article","og_title":"contacto - Estudio V\u00e1squez Caicedo Abogados","og_description":"CONTACTO CONTACTO Informaci\u00f3n de Contacto Si tiene alguna consulta adicional, no dude en ponerse en contacto con nosotros, estaremos encantados de poder atenderte. Direcci\u00f3n: JR. Alejandro O. Deustrua 623 oficina 401 el Tambo &#8211; Huancayo Central Telef\u00f3nica +51 951 116 577 E-Mail gerencia@vasquezcaicedo.com Redes Sociales Twitter Instagram Facebook Youtube Consulta Virtual Consulta Virtual SOLICITAR CONSULTA","og_url":"https:\/\/vasquezcaicedo.com\/en\/contacto\/","og_site_name":"Estudio V\u00e1squez Caicedo Abogados","article_modified_time":"2025-01-31T19:52:10+00:00","og_image":[{"url":"https:\/\/vasquezcaicedo.com\/wp-content\/uploads\/2023\/03\/image20.webp","type":"","width":"","height":""}],"twitter_card":"summary_large_image","twitter_misc":{"Est. reading time":"1 minute"},"schema":{"@context":"https:\/\/schema.org","@graph":[{"@type":"WebPage","@id":"https:\/\/vasquezcaicedo.com\/contacto\/","url":"https:\/\/vasquezcaicedo.com\/contacto\/","name":"contacto - Estudio V\u00e1squez Caicedo Abogados","isPartOf":{"@id":"https:\/\/vasquezcaicedo.com\/#website"},"primaryImageOfPage":{"@id":"https:\/\/vasquezcaicedo.com\/contacto\/#primaryimage"},"image":{"@id":"https:\/\/vasquezcaicedo.com\/contacto\/#primaryimage"},"thumbnailUrl":"https:\/\/vasquezcaicedo.com\/wp-content\/uploads\/2023\/03\/image20.webp","datePublished":"2023-03-09T07:04:08+00:00","dateModified":"2025-01-31T19:52:10+00:00","breadcrumb":{"@id":"https:\/\/vasquezcaicedo.com\/contacto\/#breadcrumb"},"inLanguage":"en-US","potentialAction":[{"@type":"ReadAction","target":["https:\/\/vasquezcaicedo.com\/contacto\/"]}]},{"@type":"ImageObject","inLanguage":"en-US","@id":"https:\/\/vasquezcaicedo.com\/contacto\/#primaryimage","url":"https:\/\/vasquezcaicedo.com\/wp-content\/uploads\/2023\/03\/image20.webp","contentUrl":"https:\/\/vasquezcaicedo.com\/wp-content\/uploads\/2023\/03\/image20.webp"},{"@type":"BreadcrumbList","@id":"https:\/\/vasquezcaicedo.com\/contacto\/#breadcrumb","itemListElement":[{"@type":"ListItem","position":1,"name":"Portada","item":"https:\/\/vasquezcaicedo.com\/"},{"@type":"ListItem","position":2,"name":"contacto"}]},{"@type":"WebSite","@id":"https:\/\/vasquezcaicedo.com\/#website","url":"https:\/\/vasquezcaicedo.com\/","name":"Estudio V\u00e1squez Caicedo Abogados","description":"Abogado. Jimmy D\u00edas V\u00e1squez Caicedo","publisher":{"@id":"https:\/\/vasquezcaicedo.com\/#organization"},"potentialAction":[{"@type":"SearchAction","target":{"@type":"EntryPoint","urlTemplate":"https:\/\/vasquezcaicedo.com\/?s={search_term_string}"},"query-input":{"@type":"PropertyValueSpecification","valueRequired":true,"valueName":"search_term_string"}}],"inLanguage":"en-US"},{"@type":"Organization","@id":"https:\/\/vasquezcaicedo.com\/#organization","name":"Estudio V\u00e1squez Caicedo Abogados","url":"https:\/\/vasquezcaicedo.com\/","logo":{"@type":"ImageObject","inLanguage":"en-US","@id":"https:\/\/vasquezcaicedo.com\/#\/schema\/logo\/image\/","url":"https:\/\/vasquezcaicedo.com\/wp-content\/uploads\/2023\/03\/home_.png","contentUrl":"https:\/\/vasquezcaicedo.com\/wp-content\/uploads\/2023\/03\/home_.png","width":132,"height":38,"caption":"Estudio V\u00e1squez Caicedo Abogados"},"image":{"@id":"https:\/\/vasquezcaicedo.com\/#\/schema\/logo\/image\/"}}]}},"_links":{"self":[{"href":"https:\/\/vasquezcaicedo.com\/en\/wp-json\/wp\/v2\/pages\/1432","targetHints":{"allow":["GET"]}}],"collection":[{"href":"https:\/\/vasquezcaicedo.com\/en\/wp-json\/wp\/v2\/pages"}],"about":[{"href":"https:\/\/vasquezcaicedo.com\/en\/wp-json\/wp\/v2\/types\/page"}],"author":[{"embeddable":true,"href":"https:\/\/vasquezcaicedo.com\/en\/wp-json\/wp\/v2\/users\/1"}],"replies":[{"embeddable":true,"href":"https:\/\/vasquezcaicedo.com\/en\/wp-json\/wp\/v2\/comments?post=1432"}],"version-history":[{"count":82,"href":"https:\/\/vasquezcaicedo.com\/en\/wp-json\/wp\/v2\/pages\/1432\/revisions"}],"predecessor-version":[{"id":2523,"href":"https:\/\/vasquezcaicedo.com\/en\/wp-json\/wp\/v2\/pages\/1432\/revisions\/2523"}],"wp:attachment":[{"href":"https:\/\/vasquezcaicedo.com\/en\/wp-json\/wp\/v2\/media?parent=1432"}],"curies":[{"name":"wp","href":"https:\/\/api.w.org\/{rel}","templated":true}]}}